{"id":2,"date":"2016-09-10T19:25:54","date_gmt":"2016-09-10T18:25:54","guid":{"rendered":"http:\/\/el-eec.fr\/?page_id=2"},"modified":"2016-11-19T13:05:40","modified_gmt":"2016-11-19T12:05:40","slug":"nos-prestations-et-services","status":"publish","type":"page","link":"https:\/\/www.el-eec.fr\/index.php\/nos-prestations-et-services\/","title":{"rendered":"Nos prestations et services"},"content":{"rendered":"<table style=\"width: 100%;\">\n<tbody>\n<tr>\n<td style=\"width: 100%;\">\n<h3><strong>Habitat<\/strong><\/h3>\n<p><img loading=\"lazy\" decoding=\"async\" class=\"wp-image-612 size-medium alignleft\" src=\"http:\/\/el-eec.fr\/wp-content\/uploads\/2016\/09\/habitat-300x223.png\" alt=\"habitat\" width=\"300\" height=\"223\" srcset=\"https:\/\/www.el-eec.fr\/wp-content\/uploads\/2016\/09\/habitat-300x223.png 300w, https:\/\/www.el-eec.fr\/wp-content\/uploads\/2016\/09\/habitat-135x100.png 135w, https:\/\/www.el-eec.fr\/wp-content\/uploads\/2016\/09\/habitat.png 514w\" sizes=\"auto, (max-width: 300px) 100vw, 300px\" \/><br \/>\nInstallation, R\u00e9novation, D\u00e9pannageElectricit\u00e9 domestique<\/p>\n<p>Automatisation des ouvrants<\/p>\n<p>Domotique, KNX\/ X3D<\/p>\n<p>Chauffage A\u00e9rothermie, G\u00e9othermie, Photovolta\u00efque<\/p>\n<p><img loading=\"lazy\" decoding=\"async\" class=\"size-medium wp-image-641 alignleft\" src=\"http:\/\/el-eec.fr\/wp-content\/uploads\/2016\/09\/DSC03246-300x225.jpg\" alt=\"dsc03246\" width=\"300\" height=\"225\" srcset=\"https:\/\/www.el-eec.fr\/wp-content\/uploads\/2016\/09\/DSC03246-300x225.jpg 300w, https:\/\/www.el-eec.fr\/wp-content\/uploads\/2016\/09\/DSC03246-768x576.jpg 768w, https:\/\/www.el-eec.fr\/wp-content\/uploads\/2016\/09\/DSC03246-1024x768.jpg 1024w, https:\/\/www.el-eec.fr\/wp-content\/uploads\/2016\/09\/DSC03246-135x100.jpg 135w\" sizes=\"auto, (max-width: 300px) 100vw, 300px\" \/><\/td>\n<\/tr>\n<\/tbody>\n<\/table>\n<span class=\"\" style=\"display:block;clear:both;height: 0px;padding-top: 20px;border-top-width:0px;border-bottom-width:0px;\"><\/span>\n<table style=\"width: 100%;\">\n<tbody>\n<tr>\n<td style=\"width: 100%;\">\n<h3><strong>Tertiaire<\/strong><\/h3>\n<p><img loading=\"lazy\" decoding=\"async\" class=\"size-medium wp-image-614 alignleft\" src=\"http:\/\/el-eec.fr\/wp-content\/uploads\/2016\/09\/tertiaire-300x223.png\" alt=\"tertiaire\" width=\"300\" height=\"223\" srcset=\"https:\/\/www.el-eec.fr\/wp-content\/uploads\/2016\/09\/tertiaire-300x223.png 300w, https:\/\/www.el-eec.fr\/wp-content\/uploads\/2016\/09\/tertiaire-135x100.png 135w, https:\/\/www.el-eec.fr\/wp-content\/uploads\/2016\/09\/tertiaire.png 384w\" sizes=\"auto, (max-width: 300px) 100vw, 300px\" \/><\/p>\n<p>Courant fort\u00a0: Eclairage, Prise, Alimentation sp\u00e9cialis\u00e9e<\/p>\n<p>Courant faible\u00a0: R\u00e9seaux t\u00e9l\u00e9phonie, Informatique, Vid\u00e9osurveillance\u2026<\/p>\n<p>S\u00e9curit\u00e9\u00a0: Contr\u00f4le d\u2019acc\u00e8s, Alarme d\u00e9tection intrusion<\/p>\n<p>Climatisation<\/p>\n<p><img loading=\"lazy\" decoding=\"async\" class=\"wp-image-639 size-medium alignleft\" src=\"http:\/\/el-eec.fr\/wp-content\/uploads\/2016\/09\/IMAG0002-300x225.jpg\" alt=\"DCIM100MEDIA\" width=\"300\" height=\"225\" srcset=\"https:\/\/www.el-eec.fr\/wp-content\/uploads\/2016\/09\/IMAG0002-300x225.jpg 300w, https:\/\/www.el-eec.fr\/wp-content\/uploads\/2016\/09\/IMAG0002-768x576.jpg 768w, https:\/\/www.el-eec.fr\/wp-content\/uploads\/2016\/09\/IMAG0002-1024x768.jpg 1024w, https:\/\/www.el-eec.fr\/wp-content\/uploads\/2016\/09\/IMAG0002-135x100.jpg 135w\" sizes=\"auto, (max-width: 300px) 100vw, 300px\" \/><\/td>\n<\/tr>\n<\/tbody>\n<\/table>\n<span class=\"\" style=\"display:block;clear:both;height: 0px;padding-top: 20px;border-top-width:0px;border-bottom-width:0px;\"><\/span>\n<table style=\"width: 100%;\">\n<tbody>\n<tr>\n<td style=\"width: 100%;\">\n<h3><strong>Industrie<\/strong><\/h3>\n<p><img loading=\"lazy\" decoding=\"async\" class=\"wp-image-636 size-medium alignleft\" src=\"http:\/\/el-eec.fr\/wp-content\/uploads\/2016\/09\/IMG_1265-300x225.jpg\" width=\"300\" height=\"225\" srcset=\"https:\/\/www.el-eec.fr\/wp-content\/uploads\/2016\/09\/IMG_1265-300x225.jpg 300w, https:\/\/www.el-eec.fr\/wp-content\/uploads\/2016\/09\/IMG_1265-768x576.jpg 768w, https:\/\/www.el-eec.fr\/wp-content\/uploads\/2016\/09\/IMG_1265-1024x768.jpg 1024w, https:\/\/www.el-eec.fr\/wp-content\/uploads\/2016\/09\/IMG_1265-135x100.jpg 135w\" sizes=\"auto, (max-width: 300px) 100vw, 300px\" \/><\/p>\n<p>Secteurs Elevage, Pharmaceutique.<\/p>\n<p>Electricit\u00e9, Automatisme, Programmation, Eclairage, Photovolta\u00efque.<\/p>\n<p><img loading=\"lazy\" decoding=\"async\" class=\"size-medium wp-image-640 alignleft\" src=\"http:\/\/el-eec.fr\/wp-content\/uploads\/2016\/09\/IMG_1256-300x225.jpg\" alt=\"img_1256\" width=\"300\" height=\"225\" srcset=\"https:\/\/www.el-eec.fr\/wp-content\/uploads\/2016\/09\/IMG_1256-300x225.jpg 300w, https:\/\/www.el-eec.fr\/wp-content\/uploads\/2016\/09\/IMG_1256-768x576.jpg 768w, https:\/\/www.el-eec.fr\/wp-content\/uploads\/2016\/09\/IMG_1256-1024x768.jpg 1024w, https:\/\/www.el-eec.fr\/wp-content\/uploads\/2016\/09\/IMG_1256-135x100.jpg 135w\" sizes=\"auto, (max-width: 300px) 100vw, 300px\" \/><\/td>\n<\/tr>\n<\/tbody>\n<\/table>\n","protected":false},"excerpt":{"rendered":"<p>Habitat Installation, R\u00e9novation, D\u00e9pannageElectricit\u00e9 domestique Automatisation des ouvrants Domotique, KNX\/ X3D Chauffage A\u00e9rothermie, G\u00e9othermie, Photovolta\u00efque Tertiaire Courant fort\u00a0: Eclairage, Prise, Alimentation sp\u00e9cialis\u00e9e Courant faible\u00a0: R\u00e9seaux t\u00e9l\u00e9phonie, Informatique, Vid\u00e9osurveillance\u2026 S\u00e9curit\u00e9\u00a0: Contr\u00f4le d\u2019acc\u00e8s, Alarme d\u00e9tection intrusion Climatisation Industrie Secteurs Elevage, Pharmaceutique. Electricit\u00e9, Automatisme, Programmation, Eclairage, Photovolta\u00efque.<\/p>\n","protected":false},"author":1,"featured_media":0,"parent":0,"menu_order":0,"comment_status":"closed","ping_status":"open","template":"","meta":{"footnotes":""},"class_list":["post-2","page","type-page","status-publish","hentry"],"_links":{"self":[{"href":"https:\/\/www.el-eec.fr\/index.php\/wp-json\/wp\/v2\/pages\/2","targetHints":{"allow":["GET"]}}],"collection":[{"href":"https:\/\/www.el-eec.fr\/index.php\/wp-json\/wp\/v2\/pages"}],"about":[{"href":"https:\/\/www.el-eec.fr\/index.php\/wp-json\/wp\/v2\/types\/page"}],"author":[{"embeddable":true,"href":"https:\/\/www.el-eec.fr\/index.php\/wp-json\/wp\/v2\/users\/1"}],"replies":[{"embeddable":true,"href":"https:\/\/www.el-eec.fr\/index.php\/wp-json\/wp\/v2\/comments?post=2"}],"version-history":[{"count":53,"href":"https:\/\/www.el-eec.fr\/index.php\/wp-json\/wp\/v2\/pages\/2\/revisions"}],"predecessor-version":[{"id":676,"href":"https:\/\/www.el-eec.fr\/index.php\/wp-json\/wp\/v2\/pages\/2\/revisions\/676"}],"wp:attachment":[{"href":"https:\/\/www.el-eec.fr\/index.php\/wp-json\/wp\/v2\/media?parent=2"}],"curies":[{"name":"wp","href":"https:\/\/api.w.org\/{rel}","templated":true}]}}