{"id":24,"date":"2016-09-12T20:26:37","date_gmt":"2016-09-12T19:26:37","guid":{"rendered":"http:\/\/el-eec.fr\/?page_id=24"},"modified":"2016-11-18T10:35:09","modified_gmt":"2016-11-18T09:35:09","slug":"el-e-e-c-electricite-energies-equipements-communicants","status":"publish","type":"page","link":"https:\/\/www.el-eec.fr\/","title":{"rendered":"El.e.e.c (Electricit\u00e9 Energies Equipements Communicants)"},"content":{"rendered":"<div class=\"title\">\n<p><img loading=\"lazy\" decoding=\"async\" class=\"size-medium wp-image-606 alignleft\" src=\"http:\/\/el-eec.fr\/wp-content\/uploads\/2016\/09\/eleec_batiment-300x193.png\" alt=\"eleec_batiment\" width=\"300\" height=\"193\" srcset=\"https:\/\/www.el-eec.fr\/wp-content\/uploads\/2016\/09\/eleec_batiment-300x193.png 300w, https:\/\/www.el-eec.fr\/wp-content\/uploads\/2016\/09\/eleec_batiment.png 468w\" sizes=\"auto, (max-width: 300px) 100vw, 300px\" \/>Soci\u00e9t\u00e9 bretonne sp\u00e9cialis\u00e9e dans\u00a0 l\u2019installation \u00e9lectrique g\u00e9n\u00e9ral.<\/p>\n<p>L\u2019entreprise El.E.E.C a \u00e9t\u00e9 cr\u00e9\u00e9e en mars 2010,<\/p>\n<p>au 31 rue de la Jannaie &#8211; 35520 La Chapelle des Fougeretz<\/p>\n<p>Depuis le 1<sup>er<\/sup> mai 2013\u00a0:<\/p>\n<p>4 rue du Bocage<\/p>\n<p>35520 La Chapelle des Fougeretz<\/p>\n<p>A taille humaine, notre entreprise est \u00e0 l\u2019\u00e9coute des clients et propose des services de qualit\u00e9 et des solutions compl\u00e8tes\u00a0 adapt\u00e9es aux besoins aussi bien des particuliers, entreprises, collectivit\u00e9s et exploitants agricoles.<\/p>\n<p><b>El.e.e.c vous propose<\/b>, avec ses \u00e9quipes\u00a0 qualifi\u00e9s,<\/p>\n<p>-Les solutions pour toutes les installations \u00e9lectriques en courant fort.<\/p>\n<p>-Les solutions de courant faible avec le pr\u00e9c\u00e2blage r\u00e9seaux et t\u00e9l\u00e9phonique.<\/p>\n<p>-Les solutions de s\u00e9curit\u00e9 avec du contr\u00f4le d\u2019acc\u00e8s, interphonie, alarme intrusion et incendie, vid\u00e9osurveillance.<b><br \/>\n<\/b><\/p>\n<p><strong>El.e.e.c vous suit dans vos projets et entretient des relations privil\u00e9gi\u00e9es avec ses clients gr\u00e2ce au service apr\u00e8s vente.<\/strong><\/p>\n<p>A travers notre site vous d\u00e9couvrirez notre m\u00e9tier et nos services par le biais des documents et photos.<\/p>\n<\/div>\n","protected":false},"excerpt":{"rendered":"<p>Soci\u00e9t\u00e9 bretonne sp\u00e9cialis\u00e9e dans\u00a0 l\u2019installation \u00e9lectrique g\u00e9n\u00e9ral. L\u2019entreprise El.E.E.C a \u00e9t\u00e9 cr\u00e9\u00e9e en mars 2010, au 31 rue de la Jannaie &#8211; 35520 La Chapelle des Fougeretz Depuis le 1er mai 2013\u00a0: 4 rue du Bocage 35520 La Chapelle des Fougeretz A taille humaine, notre entreprise est \u00e0 l\u2019\u00e9coute des clients et propose des services [&hellip;]<\/p>\n","protected":false},"author":1,"featured_media":0,"parent":0,"menu_order":0,"comment_status":"closed","ping_status":"closed","template":"","meta":{"footnotes":""},"class_list":["post-24","page","type-page","status-publish","hentry"],"_links":{"self":[{"href":"https:\/\/www.el-eec.fr\/index.php\/wp-json\/wp\/v2\/pages\/24","targetHints":{"allow":["GET"]}}],"collection":[{"href":"https:\/\/www.el-eec.fr\/index.php\/wp-json\/wp\/v2\/pages"}],"about":[{"href":"https:\/\/www.el-eec.fr\/index.php\/wp-json\/wp\/v2\/types\/page"}],"author":[{"embeddable":true,"href":"https:\/\/www.el-eec.fr\/index.php\/wp-json\/wp\/v2\/users\/1"}],"replies":[{"embeddable":true,"href":"https:\/\/www.el-eec.fr\/index.php\/wp-json\/wp\/v2\/comments?post=24"}],"version-history":[{"count":5,"href":"https:\/\/www.el-eec.fr\/index.php\/wp-json\/wp\/v2\/pages\/24\/revisions"}],"predecessor-version":[{"id":634,"href":"https:\/\/www.el-eec.fr\/index.php\/wp-json\/wp\/v2\/pages\/24\/revisions\/634"}],"wp:attachment":[{"href":"https:\/\/www.el-eec.fr\/index.php\/wp-json\/wp\/v2\/media?parent=24"}],"curies":[{"name":"wp","href":"https:\/\/api.w.org\/{rel}","templated":true}]}}