{"id":749,"date":"2025-08-13T19:23:37","date_gmt":"2025-08-13T18:23:37","guid":{"rendered":"https:\/\/www.el-eec.fr\/?page_id=749"},"modified":"2025-08-14T14:04:21","modified_gmt":"2025-08-14T13:04:21","slug":"mentions-legales","status":"publish","type":"page","link":"https:\/\/www.el-eec.fr\/index.php\/mentions-legales\/","title":{"rendered":"Mentions l\u00e9gales"},"content":{"rendered":"\n<h3 data-start=\"539\" data-end=\"561\">Conform\u00e9ment aux dispositions des articles 6-III et 19 de la Loi n\u00b02004-575 du 21 juin 2004 pour la confiance dans l\u2019\u00e9conomie num\u00e9rique (LCEN), il est pr\u00e9cis\u00e9 aux utilisateurs du site les informations suivantes :<\/h3>\n<h3 data-start=\"539\" data-end=\"561\">1. \u00c9diteur du site<\/h3>\n<p data-start=\"562\" data-end=\"942\"><strong data-start=\"562\" data-end=\"576\">SARL ELEEC<\/strong><br data-start=\"576\" data-end=\"579\" \/>Soci\u00e9t\u00e9 \u00e0 responsabilit\u00e9 limit\u00e9e au capital social de <strong data-start=\"633\" data-end=\"644\">7 500 \u20ac<\/strong><br data-start=\"644\" data-end=\"647\" \/>Si\u00e8ge social : 4 Rue du Bocage, 35520 La Chapelle-des-Fougeretz \u2013 France<br data-start=\"719\" data-end=\"722\" \/>SIRET : 520 548 348 00025<br data-start=\"747\" data-end=\"750\" \/>RCS : Rennes<br data-start=\"762\" data-end=\"765\" \/>Code NAF : 4321A<br data-start=\"781\" data-end=\"784\" \/>TVA intracommunautaire : FR55520548348<br data-start=\"822\" data-end=\"825\" \/>T\u00e9l\u00e9phone : 02 99 13 28 03<br data-start=\"851\" data-end=\"854\" \/>Adresse e-mail : guillaume.artur@el-eec.fr<br data-start=\"887\" data-end=\"890\" \/>Responsable de la publication : <strong data-start=\"922\" data-end=\"942\">Guillaume Artur<\/strong><\/p>\n<hr data-start=\"944\" data-end=\"947\" \/>\n<h3 data-start=\"949\" data-end=\"965\">2. H\u00e9bergeur<\/h3>\n<p data-start=\"966\" data-end=\"1094\"><strong data-start=\"966\" data-end=\"973\">OVH<\/strong><br data-start=\"973\" data-end=\"976\" \/>2 rue Kellermann \u2013 59100 Roubaix \u2013 France<br data-start=\"1017\" data-end=\"1020\" \/>T\u00e9l\u00e9phone : 09 72 10 10 07<br data-start=\"1046\" data-end=\"1049\" \/>Site web : <a class=\"\" href=\"https:\/\/www.ovh.com\" target=\"_new\" rel=\"noopener\" data-start=\"1060\" data-end=\"1094\">www.ovh.com<\/a><\/p>\n<hr data-start=\"1096\" data-end=\"1099\" \/>\n<h3 data-start=\"1101\" data-end=\"1116\">3. Activit\u00e9<\/h3>\n<p data-start=\"1117\" data-end=\"1204\">Entreprise sp\u00e9cialis\u00e9e dans les travaux d\u2019\u00e9lectricit\u00e9 g\u00e9n\u00e9rale et de t\u00e9l\u00e9communication.<\/p>\n<hr data-start=\"1206\" data-end=\"1209\" \/>\n<h3 data-start=\"1211\" data-end=\"1242\">4. Propri\u00e9t\u00e9 intellectuelle<\/h3>\n<p data-start=\"1243\" data-end=\"1690\">L\u2019ensemble du contenu du site (textes, images, graphismes, logo, ic\u00f4nes, etc.) est la propri\u00e9t\u00e9 exclusive de <strong data-start=\"1352\" data-end=\"1366\">SARL ELEEC<\/strong> ou fait l\u2019objet d\u2019une autorisation d\u2019utilisation.<br data-start=\"1416\" data-end=\"1419\" \/>Toute reproduction, repr\u00e9sentation, modification, publication ou adaptation, totale ou partielle, de tout \u00e9l\u00e9ment du site, est interdite sans l\u2019autorisation \u00e9crite pr\u00e9alable de <strong data-start=\"1596\" data-end=\"1610\">SARL ELEEC<\/strong>.<br data-start=\"1611\" data-end=\"1614\" \/>Les marques et logos cit\u00e9s sont la propri\u00e9t\u00e9 de leurs titulaires respectifs.<\/p>\n<hr data-start=\"1692\" data-end=\"1695\" \/>\n<h3 data-start=\"1697\" data-end=\"1724\">5. Donn\u00e9es personnelles<\/h3>\n<p data-start=\"1725\" data-end=\"2356\">Le site ne conserve <strong data-start=\"1745\" data-end=\"1774\">aucune donn\u00e9e personnelle<\/strong> des utilisateurs.<br data-start=\"1792\" data-end=\"1795\" \/>Les informations \u00e9ventuellement transmises via un formulaire ou par e-mail sont utilis\u00e9es uniquement pour traiter la demande en cours, puis supprim\u00e9es imm\u00e9diatement.<br data-start=\"1960\" data-end=\"1963\" \/>Conform\u00e9ment au R\u00e8glement G\u00e9n\u00e9ral sur la Protection des Donn\u00e9es (RGPD) et \u00e0 la loi Informatique et Libert\u00e9s, vous disposez d\u2019un droit d\u2019acc\u00e8s, de rectification, d\u2019opposition et de suppression de vos donn\u00e9es.<br data-start=\"2170\" data-end=\"2173\" \/>Pour exercer ce droit, contactez-nous par e-mail \u00e0 guillaume.artur@el-eec.fr.<br data-start=\"2245\" data-end=\"2248\" \/>Vous pouvez \u00e9galement introduire une r\u00e9clamation aupr\u00e8s de la <strong data-start=\"2310\" data-end=\"2318\">CNIL<\/strong> (<a class=\"cursor-pointer\" target=\"_new\" rel=\"noopener\" data-start=\"2320\" data-end=\"2354\">www.cnil.fr<\/a>).<\/p>\n<hr data-start=\"2358\" data-end=\"2361\" \/>\n<h3 data-start=\"2363\" data-end=\"2377\">6. Cookies<\/h3>\n<p data-start=\"2378\" data-end=\"2502\">Ce site ne d\u00e9pose <strong data-start=\"2396\" data-end=\"2412\">aucun cookie<\/strong> sur votre navigateur, hormis ceux strictement n\u00e9cessaires \u00e0 son fonctionnement technique.<\/p>\n<hr data-start=\"2504\" data-end=\"2507\" \/>\n<h3 data-start=\"2509\" data-end=\"2530\">7. Responsabilit\u00e9<\/h3>\n<p data-start=\"2531\" data-end=\"2952\"><strong data-start=\"2531\" data-end=\"2545\">SARL ELEEC<\/strong> met tout en \u0153uvre pour fournir des informations exactes et \u00e0 jour sur son site, mais ne peut garantir l\u2019exactitude, l\u2019exhaustivit\u00e9 ou l\u2019actualit\u00e9 des contenus.<br data-start=\"2705\" data-end=\"2708\" \/>En cons\u00e9quence, l\u2019utilisateur reconna\u00eet utiliser ces informations sous sa responsabilit\u00e9 exclusive.<br data-start=\"2807\" data-end=\"2810\" \/>Le site peut contenir des liens vers d\u2019autres sites internet ; <strong data-start=\"2873\" data-end=\"2887\">SARL ELEEC<\/strong> ne peut \u00eatre tenue responsable du contenu de ces sites externes.<\/p>\n\n\n","protected":false},"excerpt":{"rendered":"<p>Conform\u00e9ment aux dispositions des articles 6-III et 19 de la Loi n\u00b02004-575 du 21 juin 2004 pour la confiance dans l\u2019\u00e9conomie num\u00e9rique (LCEN), il est pr\u00e9cis\u00e9 aux utilisateurs du site les informations suivantes : 1. \u00c9diteur du site SARL ELEECSoci\u00e9t\u00e9 \u00e0 responsabilit\u00e9 limit\u00e9e au capital social de 7 500 \u20acSi\u00e8ge social : 4 Rue du [&hellip;]<\/p>\n","protected":false},"author":1,"featured_media":0,"parent":0,"menu_order":0,"comment_status":"closed","ping_status":"closed","template":"","meta":{"footnotes":""},"class_list":["post-749","page","type-page","status-publish","hentry"],"_links":{"self":[{"href":"https:\/\/www.el-eec.fr\/index.php\/wp-json\/wp\/v2\/pages\/749","targetHints":{"allow":["GET"]}}],"collection":[{"href":"https:\/\/www.el-eec.fr\/index.php\/wp-json\/wp\/v2\/pages"}],"about":[{"href":"https:\/\/www.el-eec.fr\/index.php\/wp-json\/wp\/v2\/types\/page"}],"author":[{"embeddable":true,"href":"https:\/\/www.el-eec.fr\/index.php\/wp-json\/wp\/v2\/users\/1"}],"replies":[{"embeddable":true,"href":"https:\/\/www.el-eec.fr\/index.php\/wp-json\/wp\/v2\/comments?post=749"}],"version-history":[{"count":5,"href":"https:\/\/www.el-eec.fr\/index.php\/wp-json\/wp\/v2\/pages\/749\/revisions"}],"predecessor-version":[{"id":756,"href":"https:\/\/www.el-eec.fr\/index.php\/wp-json\/wp\/v2\/pages\/749\/revisions\/756"}],"wp:attachment":[{"href":"https:\/\/www.el-eec.fr\/index.php\/wp-json\/wp\/v2\/media?parent=749"}],"curies":[{"name":"wp","href":"https:\/\/api.w.org\/{rel}","templated":true}]}}